{"id":15024,"date":"2025-06-10T03:11:35","date_gmt":"2025-06-10T02:11:35","guid":{"rendered":"https:\/\/mpb.edu.rs\/politika-privatnosti\/"},"modified":"2025-08-29T15:06:37","modified_gmt":"2025-08-29T14:06:37","slug":"politika-privatnosti","status":"publish","type":"page","link":"https:\/\/mpb.edu.rs\/ru\/politika-privatnosti\/","title":{"rendered":"Politika Privatnosti"},"content":{"rendered":"\t\t<div data-elementor-type=\"wp-page\" data-elementor-id=\"15024\" class=\"elementor elementor-15024 elementor-3\">\n\t\t\t\t<div class=\"elementor-element elementor-element-653f901d e-flex e-con-boxed e-con e-parent\" data-id=\"653f901d\" data-element_type=\"container\" data-e-type=\"container\">\n\t\t\t\t\t<div class=\"e-con-inner\">\n\t\t\t\t<div class=\"elementor-element elementor-element-2e2f4315 elementor-widget elementor-widget-text-editor\" data-id=\"2e2f4315\" data-element_type=\"widget\" data-e-type=\"widget\" data-widget_type=\"text-editor.default\">\n\t\t\t\t<div class=\"elementor-widget-container\">\n\t\t\t\t\t\t\t\t\t\n<h2 class=\"wp-block-heading\"><span style=\"font-size: 12pt;\">A\u017eurirano: Avgust 2025<\/span><\/h2>\n<h2 class=\"wp-block-heading\">Privatna gimnazija \u201eAntoni MP Barili\u201c<\/h2>\n\n<p>Adresa: Mar\u0161ala Birjuzova 2-4 i 3-5, 11000 Beograd, Srbija<br data-start=\"340\" data-end=\"343\">E-mail: <a class=\"cursor-pointer\" rel=\"noopener\" data-start=\"351\" data-end=\"400\">mpbarilli@gmail.com<\/a><br data-start=\"400\" data-end=\"403\">Tel: +381 60 5000-248, +381 60 5001-889<\/p>\n\n<h2 class=\"wp-block-heading\">1. Op\u0161ti uslovi<\/h2>\n\n<p data-start=\"472\" data-end=\"643\">Ova politika privatnosti i kola\u010di\u0107a ure\u0111uje na\u010din na koji Privatna gimnazija \u201eAntoni MP Barili\u201c prikuplja, koristi i \u0161titi podatke korisnika prilikom posete na\u0161em sajtu.<\/p>\n<p data-start=\"645\" data-end=\"890\">Sajt je <strong data-start=\"653\" data-end=\"680\">informativnog karaktera<\/strong> i namenjen je predstavljanju na\u0161e \u0161kole, obrazovnih programa i usluga. Sve informacije, uklju\u010duju\u0107i <strong data-start=\"781\" data-end=\"799\">istaknute cene<\/strong>, imaju isklju\u010divo <strong data-start=\"818\" data-end=\"844\">orijentacioni karakter<\/strong> i mogu biti izmenjene bez prethodne najave. <\/p>\n\n<h2 data-start=\"897\" data-end=\"939\">2. Prikupljanje i kori\u0161\u0107enje podataka<\/h2>\n<p data-start=\"940\" data-end=\"1156\">Na\u0161 sajt ne prikuplja automatski li\u010dne podatke posetilaca. Podatke koje korisnik dobrovoljno dostavi putem kontakt forme ili elektronske po\u0161te koristimo isklju\u010divo radi komunikacije i pru\u017eanja tra\u017eenih informacija. <\/p>\n<p data-start=\"1158\" data-end=\"1186\">Mogu\u0107i prikupljeni podaci:<\/p>\n<ul data-start=\"1187\" data-end=\"1273\">\n<li data-start=\"1187\" data-end=\"1205\">\n<p data-start=\"1189\" data-end=\"1205\">Ime i prezime,<\/p>\n<\/li>\n<li data-start=\"1206\" data-end=\"1224\">\n<p data-start=\"1208\" data-end=\"1224\">E-mail adresa,<\/p>\n<\/li>\n<li data-start=\"1225\" data-end=\"1243\">\n<p data-start=\"1227\" data-end=\"1243\">Broj telefona,<\/p>\n<\/li>\n<li data-start=\"1244\" data-end=\"1273\">\n<p data-start=\"1246\" data-end=\"1273\">Sadr\u017eaj poruke korisnika.<\/p>\n<\/li>\n<\/ul>\n<p data-start=\"1275\" data-end=\"1374\">Podaci ne\u0107e biti kori\u0161\u0107eni u druge svrhe niti deljeni sa tre\u0107im licima, osim ako to nala\u017ee zakon.<\/p>\n<hr data-start=\"1376\" data-end=\"1379\">\n<h2 data-start=\"1381\" data-end=\"1408\">3. Bezbednost podataka<\/h2>\n<p data-start=\"1409\" data-end=\"1537\">Preduzimamo sve razumne tehni\u010dke i organizacione mere radi za\u0161tite podataka od gubitka, zloupotrebe ili neovla\u0161\u0107enog pristupa.<\/p>\n<hr data-start=\"1539\" data-end=\"1542\">\n<h2 data-start=\"1544\" data-end=\"1570\">4. Kola\u010di\u0107i (Cookies)<\/h2>\n<p data-start=\"1571\" data-end=\"1729\">Na\u0161 sajt koristi <strong data-start=\"1588\" data-end=\"1600\">kola\u010di\u0107e<\/strong> radi pobolj\u0161anja funkcionalnosti i korisni\u010dkog iskustva. Kola\u010di\u0107i su male tekstualne datoteke koje se \u010duvaju na va\u0161em ure\u0111aju. <\/p>\n<h3 data-start=\"1731\" data-end=\"1767\">Vrste kola\u010di\u0107a koje koristimo:<\/h3>\n<ul data-start=\"1768\" data-end=\"2044\">\n<li data-start=\"1768\" data-end=\"1838\">\n<p data-start=\"1770\" data-end=\"1838\"><strong data-start=\"1770\" data-end=\"1792\">Neophodni kola\u010di\u0107i<\/strong> \u2013 omogu\u0107avaju osnovno funkcionisanje sajta.<\/p>\n<\/li>\n<li data-start=\"1839\" data-end=\"1951\">\n<p data-start=\"1841\" data-end=\"1951\"><strong data-start=\"1841\" data-end=\"1865\">Statisti\u010dki kola\u010di\u0107i<\/strong> \u2013 anonimno prikupljaju podatke o na\u010dinu kori\u0161\u0107enja sajta radi pobolj\u0161anja sadr\u017eaja.<\/p>\n<\/li>\n<li data-start=\"1952\" data-end=\"2044\">\n<p data-start=\"1954\" data-end=\"2044\"><strong data-start=\"1954\" data-end=\"1978\">Marketin\u0161ki kola\u010di\u0107i<\/strong> \u2013 mogu se koristiti za prikaz relevantnih informacija i oglasa.<\/p>\n<\/li>\n<\/ul>\n<h3 data-start=\"2046\" data-end=\"2075\">Upravljanje kola\u010di\u0107ima:<\/h3>\n<p data-start=\"2076\" data-end=\"2230\">Korisnici mogu kontrolisati i obrisati kola\u010di\u0107e kroz pode\u0161avanja svog internet pregleda\u010da. Onemogu\u0107avanje kola\u010di\u0107a mo\u017ee uticati na funkcionisanje sajta. <\/p>\n<h2 data-start=\"2237\" data-end=\"2282\">5. Informativni karakter sadr\u017eaja i cena<\/h2>\n<p data-start=\"2283\" data-end=\"2476\">Sve informacije na sajtu, uklju\u010duju\u0107i programe, opise i <strong data-start=\"2339\" data-end=\"2347\">cene<\/strong>, slu\u017ee isklju\u010divo u <strong data-start=\"2368\" data-end=\"2390\">informativne svrhe<\/strong>. Kona\u010dne cene, uslovi i pogodnosti potvr\u0111uju se prilikom neposrednog upisa u \u0161kolu. <\/p>\n<hr data-start=\"2478\" data-end=\"2481\">\n<h2 data-start=\"2483\" data-end=\"2506\">6. Prava korisnika<\/h2>\n<p data-start=\"2507\" data-end=\"2604\">U skladu sa Zakonom o za\u0161titi podataka o li\u010dnosti i GDPR regulativom, korisnici imaju pravo na:<\/p>\n<ul data-start=\"2605\" data-end=\"2726\">\n<li data-start=\"2605\" data-end=\"2633\">\n<p data-start=\"2607\" data-end=\"2633\">Pristup svojim podacima,<\/p>\n<\/li>\n<li data-start=\"2634\" data-end=\"2665\">\n<p data-start=\"2636\" data-end=\"2665\">Ispravku neta\u010dnih podataka,<\/p>\n<\/li>\n<li data-start=\"2666\" data-end=\"2688\">\n<p data-start=\"2668\" data-end=\"2688\">Brisanje podataka,<\/p>\n<\/li>\n<li data-start=\"2689\" data-end=\"2726\">\n<p data-start=\"2691\" data-end=\"2726\">Povla\u010denje saglasnosti za obradu.<\/p>\n<\/li>\n<\/ul>\n<p data-start=\"2728\" data-end=\"2807\">Zahtev se mo\u017ee uputiti na: <a class=\"cursor-pointer\" rel=\"noopener\" data-start=\"2755\" data-end=\"2804\">mpbarilli@gmail.com<\/a>.<\/p>\n<hr data-start=\"2809\" data-end=\"2812\">\n<h2 data-start=\"2814\" data-end=\"2860\">7. Izmene politike privatnosti i kola\u010di\u0107a<\/h2>\n<p data-start=\"2861\" data-end=\"3027\">Privatna gimnazija \u201eAntoni MP Barili\u201c zadr\u017eava pravo da u bilo kom trenutku izmeni ovu politiku. Sve promene bi\u0107e objavljene na ovoj stranici sa a\u017euriranim datumom. <\/p>\t\t\t\t\t\t\t\t<\/div>\n\t\t\t\t<\/div>\n\t\t\t\t\t<\/div>\n\t\t\t\t<\/div>\n\t\t\t\t<\/div>\n\t\t","protected":false},"excerpt":{"rendered":"<p>A\u017eurirano: Avgust 2025 Privatna gimnazija \u201eAntoni MP Barili\u201c Adresa: Mar\u0161ala Birjuzova 2-4 i 3-5, 11000 Beograd, SrbijaE-mail: mpbarilli@gmail.comTel: +381 60 5000-248, +381 60 5001-889 1. Op\u0161ti uslovi Ova politika privatnosti i kola\u010di\u0107a ure\u0111uje na\u010din na koji Privatna gimnazija \u201eAntoni MP &hellip; <\/p>\n","protected":false},"author":1,"featured_media":0,"parent":0,"menu_order":0,"comment_status":"closed","ping_status":"open","template":"","meta":{"pmpro_default_level":"","footnotes":""},"class_list":["post-15024","page","type-page","status-publish","hentry","pmpro-has-access"],"aioseo_notices":[],"aioseo_head":"\n\t\t<!-- All in One SEO Pro 4.9.6.2 - aioseo.com -->\n\t<meta name=\"description\" content=\"A\u017eurirano: Avgust 2025 Privatna gimnazija \u201eAntoni MP Barili\u201c Adresa: Mar\u0161ala Birjuzova 2-4 i 3-5, 11000 Beograd, SrbijaE-mail: mpbarilli@gmail.comTel: +381 60 5000-248, +381 60 5001-889 1. Op\u0161ti uslovi Ova politika privatnosti i kola\u010di\u0107a ure\u0111uje na\u010din na koji Privatna gimnazija \u201eAntoni MP Barili\u201c prikuplja, koristi i \u0161titi podatke korisnika prilikom posete na\u0161em sajtu. Sajt je informativnog karaktera\" \/>\n\t<meta name=\"robots\" content=\"max-image-preview:large\" \/>\n\t<link rel=\"canonical\" href=\"https:\/\/mpb.edu.rs\/ru\/politika-privatnosti\/\" \/>\n\t<meta name=\"generator\" content=\"All in One SEO Pro (AIOSEO) 4.9.6.2\" \/>\n\t\t<meta property=\"og:locale\" content=\"ru_RU\" \/>\n\t\t<meta property=\"og:site_name\" content=\"Najuspe\u0161nija privatna gimnazija - &quot;Antoni MP Barili&quot; -\" \/>\n\t\t<meta property=\"og:type\" content=\"article\" \/>\n\t\t<meta property=\"og:title\" content=\"Politika Privatnosti - Najuspe\u0161nija privatna gimnazija - &quot;Antoni MP Barili&quot;\" \/>\n\t\t<meta property=\"og:description\" content=\"A\u017eurirano: Avgust 2025 Privatna gimnazija \u201eAntoni MP Barili\u201c Adresa: Mar\u0161ala Birjuzova 2-4 i 3-5, 11000 Beograd, SrbijaE-mail: mpbarilli@gmail.comTel: +381 60 5000-248, +381 60 5001-889 1. Op\u0161ti uslovi Ova politika privatnosti i kola\u010di\u0107a ure\u0111uje na\u010din na koji Privatna gimnazija \u201eAntoni MP Barili\u201c prikuplja, koristi i \u0161titi podatke korisnika prilikom posete na\u0161em sajtu. Sajt je informativnog karaktera\" \/>\n\t\t<meta property=\"og:url\" content=\"https:\/\/mpb.edu.rs\/ru\/politika-privatnosti\/\" \/>\n\t\t<meta property=\"og:image\" content=\"https:\/\/mpb.edu.rs\/wp-content\/uploads\/2025\/10\/logo-mpb.jpg\" \/>\n\t\t<meta property=\"og:image:secure_url\" content=\"https:\/\/mpb.edu.rs\/wp-content\/uploads\/2025\/10\/logo-mpb.jpg\" \/>\n\t\t<meta property=\"og:image:width\" content=\"112\" \/>\n\t\t<meta property=\"og:image:height\" content=\"112\" \/>\n\t\t<meta property=\"article:published_time\" content=\"2025-06-10T02:11:35+00:00\" \/>\n\t\t<meta property=\"article:modified_time\" content=\"2025-08-29T14:06:37+00:00\" \/>\n\t\t<meta property=\"article:publisher\" content=\"https:\/\/www.facebook.com\/mpbarilli\/\" \/>\n\t\t<meta name=\"twitter:card\" content=\"summary_large_image\" \/>\n\t\t<meta name=\"twitter:site\" content=\"@najbolja_skola\" \/>\n\t\t<meta name=\"twitter:title\" content=\"Politika Privatnosti - Najuspe\u0161nija privatna gimnazija - &quot;Antoni MP Barili&quot;\" \/>\n\t\t<meta name=\"twitter:description\" content=\"A\u017eurirano: Avgust 2025 Privatna gimnazija \u201eAntoni MP Barili\u201c Adresa: Mar\u0161ala Birjuzova 2-4 i 3-5, 11000 Beograd, SrbijaE-mail: mpbarilli@gmail.comTel: +381 60 5000-248, +381 60 5001-889 1. Op\u0161ti uslovi Ova politika privatnosti i kola\u010di\u0107a ure\u0111uje na\u010din na koji Privatna gimnazija \u201eAntoni MP Barili\u201c prikuplja, koristi i \u0161titi podatke korisnika prilikom posete na\u0161em sajtu. Sajt je informativnog karaktera\" \/>\n\t\t<meta name=\"twitter:creator\" content=\"@najbolja_skola\" \/>\n\t\t<meta name=\"twitter:image\" content=\"https:\/\/mpb.edu.rs\/wp-content\/uploads\/2025\/10\/logo-mpb.jpg\" \/>\n\t\t<script type=\"application\/ld+json\" class=\"aioseo-schema\">\n\t\t\t{\"@context\":\"https:\\\/\\\/schema.org\",\"@graph\":[{\"@type\":\"BreadcrumbList\",\"@id\":\"https:\\\/\\\/mpb.edu.rs\\\/ru\\\/politika-privatnosti\\\/#breadcrumblist\",\"itemListElement\":[{\"@type\":\"ListItem\",\"@id\":\"https:\\\/\\\/mpb.edu.rs\\\/ru\\\/#listItem\",\"position\":1,\"name\":\"Home\",\"item\":\"https:\\\/\\\/mpb.edu.rs\\\/ru\\\/\",\"nextItem\":{\"@type\":\"ListItem\",\"@id\":\"https:\\\/\\\/mpb.edu.rs\\\/ru\\\/politika-privatnosti\\\/#listItem\",\"name\":\"Politika Privatnosti\"}},{\"@type\":\"ListItem\",\"@id\":\"https:\\\/\\\/mpb.edu.rs\\\/ru\\\/politika-privatnosti\\\/#listItem\",\"position\":2,\"name\":\"Politika Privatnosti\",\"previousItem\":{\"@type\":\"ListItem\",\"@id\":\"https:\\\/\\\/mpb.edu.rs\\\/ru\\\/#listItem\",\"name\":\"Home\"}}]},{\"@type\":\"Organization\",\"@id\":\"https:\\\/\\\/mpb.edu.rs\\\/ru\\\/#organization\",\"name\":\"Privatna gimnazija \\u201eAntoni MP Barilli\\u201c \\u2013 MPB Beograd\",\"description\":\"MPB je savremena privatna gimnazija u Beogradu koja pru\\u017ea moderno obrazovanje, individualan pristup u\\u010denicima i podr\\u0161ku u razvoju li\\u010dnih i akademskih potencijala.\",\"url\":\"https:\\\/\\\/mpb.edu.rs\\\/ru\\\/\",\"telephone\":\"+381605000248\",\"logo\":{\"@type\":\"ImageObject\",\"url\":\"https:\\\/\\\/mpb.edu.rs\\\/wp-content\\\/uploads\\\/2025\\\/10\\\/logo-mpb.jpg\",\"@id\":\"https:\\\/\\\/mpb.edu.rs\\\/ru\\\/politika-privatnosti\\\/#organizationLogo\",\"width\":112,\"height\":112,\"caption\":\"Privatna gimnazija Antoni MP Barili - Logo\"},\"image\":{\"@id\":\"https:\\\/\\\/mpb.edu.rs\\\/ru\\\/politika-privatnosti\\\/#organizationLogo\"},\"sameAs\":[\"https:\\\/\\\/www.facebook.com\\\/mpbarilli\\\/\",\"https:\\\/\\\/x.com\\\/najbolja_skola\",\"https:\\\/\\\/www.instagram.com\\\/mpbarilli\\\/\",\"https:\\\/\\\/rs.linkedin.com\\\/in\\\/gimnazijabarili\"]},{\"@type\":\"WebPage\",\"@id\":\"https:\\\/\\\/mpb.edu.rs\\\/ru\\\/politika-privatnosti\\\/#webpage\",\"url\":\"https:\\\/\\\/mpb.edu.rs\\\/ru\\\/politika-privatnosti\\\/\",\"name\":\"Politika Privatnosti - Najuspe\\u0161nija privatna gimnazija - \\\"Antoni MP Barili\\\"\",\"description\":\"A\\u017eurirano: Avgust 2025 Privatna gimnazija \\u201eAntoni MP Barili\\u201c Adresa: Mar\\u0161ala Birjuzova 2-4 i 3-5, 11000 Beograd, SrbijaE-mail: mpbarilli@gmail.comTel: +381 60 5000-248, +381 60 5001-889 1. Op\\u0161ti uslovi Ova politika privatnosti i kola\\u010di\\u0107a ure\\u0111uje na\\u010din na koji Privatna gimnazija \\u201eAntoni MP Barili\\u201c prikuplja, koristi i \\u0161titi podatke korisnika prilikom posete na\\u0161em sajtu. Sajt je informativnog karaktera\",\"inLanguage\":\"ru-RU\",\"isPartOf\":{\"@id\":\"https:\\\/\\\/mpb.edu.rs\\\/ru\\\/#website\"},\"breadcrumb\":{\"@id\":\"https:\\\/\\\/mpb.edu.rs\\\/ru\\\/politika-privatnosti\\\/#breadcrumblist\"},\"datePublished\":\"2025-06-10T03:11:35+01:00\",\"dateModified\":\"2025-08-29T15:06:37+01:00\"},{\"@type\":\"WebSite\",\"@id\":\"https:\\\/\\\/mpb.edu.rs\\\/ru\\\/#website\",\"url\":\"https:\\\/\\\/mpb.edu.rs\\\/ru\\\/\",\"name\":\"Najuspe\\u0161nija privatna gimnazija - \\\"Antoni MP Barili\\\"\",\"inLanguage\":\"ru-RU\",\"publisher\":{\"@id\":\"https:\\\/\\\/mpb.edu.rs\\\/ru\\\/#organization\"}}]}\n\t\t<\/script>\n\t\t<script>(function(w,d,s,l,i){w[l]=w[l]||[];w[l].push({'gtm.start': new Date().getTime(),event:'gtm.js'});var f=d.getElementsByTagName(s)[0], j=d.createElement(s),dl=l!='dataLayer'?'&l='+l:'';j.async=true;j.src='https:\/\/www.googletagmanager.com\/gtm.js?id='+i+dl;f.parentNode.insertBefore(j,f);})(window,document,'script','dataLayer',\"GTM-MLL8M8MN\");<\/script>\n\t\t<!-- All in One SEO Pro -->\r\n\t\t<title>Politika Privatnosti - Najuspe\u0161nija privatna gimnazija - &quot;Antoni MP Barili&quot;<\/title>\n\n","aioseo_head_json":{"title":"Politika Privatnosti - Najuspe\u0161nija privatna gimnazija - \"Antoni MP Barili\"","description":"A\u017eurirano: Avgust 2025 Privatna gimnazija \u201eAntoni MP Barili\u201c Adresa: Mar\u0161ala Birjuzova 2-4 i 3-5, 11000 Beograd, SrbijaE-mail: mpbarilli@gmail.comTel: +381 60 5000-248, +381 60 5001-889 1. Op\u0161ti uslovi Ova politika privatnosti i kola\u010di\u0107a ure\u0111uje na\u010din na koji Privatna gimnazija \u201eAntoni MP Barili\u201c prikuplja, koristi i \u0161titi podatke korisnika prilikom posete na\u0161em sajtu. Sajt je informativnog karaktera","canonical_url":"https:\/\/mpb.edu.rs\/ru\/politika-privatnosti\/","robots":"max-image-preview:large","keywords":"","webmasterTools":{"miscellaneous":""},"schema":{"@context":"https:\/\/schema.org","@graph":[{"@type":"BreadcrumbList","@id":"https:\/\/mpb.edu.rs\/ru\/politika-privatnosti\/#breadcrumblist","itemListElement":[{"@type":"ListItem","@id":"https:\/\/mpb.edu.rs\/ru\/#listItem","position":1,"name":"Home","item":"https:\/\/mpb.edu.rs\/ru\/","nextItem":{"@type":"ListItem","@id":"https:\/\/mpb.edu.rs\/ru\/politika-privatnosti\/#listItem","name":"Politika Privatnosti"}},{"@type":"ListItem","@id":"https:\/\/mpb.edu.rs\/ru\/politika-privatnosti\/#listItem","position":2,"name":"Politika Privatnosti","previousItem":{"@type":"ListItem","@id":"https:\/\/mpb.edu.rs\/ru\/#listItem","name":"Home"}}]},{"@type":"Organization","@id":"https:\/\/mpb.edu.rs\/ru\/#organization","name":"Privatna gimnazija \u201eAntoni MP Barilli\u201c \u2013 MPB Beograd","description":"MPB je savremena privatna gimnazija u Beogradu koja pru\u017ea moderno obrazovanje, individualan pristup u\u010denicima i podr\u0161ku u razvoju li\u010dnih i akademskih potencijala.","url":"https:\/\/mpb.edu.rs\/ru\/","telephone":"+381605000248","logo":{"@type":"ImageObject","url":"https:\/\/mpb.edu.rs\/wp-content\/uploads\/2025\/10\/logo-mpb.jpg","@id":"https:\/\/mpb.edu.rs\/ru\/politika-privatnosti\/#organizationLogo","width":112,"height":112,"caption":"Privatna gimnazija Antoni MP Barili - Logo"},"image":{"@id":"https:\/\/mpb.edu.rs\/ru\/politika-privatnosti\/#organizationLogo"},"sameAs":["https:\/\/www.facebook.com\/mpbarilli\/","https:\/\/x.com\/najbolja_skola","https:\/\/www.instagram.com\/mpbarilli\/","https:\/\/rs.linkedin.com\/in\/gimnazijabarili"]},{"@type":"WebPage","@id":"https:\/\/mpb.edu.rs\/ru\/politika-privatnosti\/#webpage","url":"https:\/\/mpb.edu.rs\/ru\/politika-privatnosti\/","name":"Politika Privatnosti - Najuspe\u0161nija privatna gimnazija - \"Antoni MP Barili\"","description":"A\u017eurirano: Avgust 2025 Privatna gimnazija \u201eAntoni MP Barili\u201c Adresa: Mar\u0161ala Birjuzova 2-4 i 3-5, 11000 Beograd, SrbijaE-mail: mpbarilli@gmail.comTel: +381 60 5000-248, +381 60 5001-889 1. Op\u0161ti uslovi Ova politika privatnosti i kola\u010di\u0107a ure\u0111uje na\u010din na koji Privatna gimnazija \u201eAntoni MP Barili\u201c prikuplja, koristi i \u0161titi podatke korisnika prilikom posete na\u0161em sajtu. Sajt je informativnog karaktera","inLanguage":"ru-RU","isPartOf":{"@id":"https:\/\/mpb.edu.rs\/ru\/#website"},"breadcrumb":{"@id":"https:\/\/mpb.edu.rs\/ru\/politika-privatnosti\/#breadcrumblist"},"datePublished":"2025-06-10T03:11:35+01:00","dateModified":"2025-08-29T15:06:37+01:00"},{"@type":"WebSite","@id":"https:\/\/mpb.edu.rs\/ru\/#website","url":"https:\/\/mpb.edu.rs\/ru\/","name":"Najuspe\u0161nija privatna gimnazija - \"Antoni MP Barili\"","inLanguage":"ru-RU","publisher":{"@id":"https:\/\/mpb.edu.rs\/ru\/#organization"}}]},"og:locale":"ru_RU","og:site_name":"Najuspe\u0161nija privatna gimnazija - &quot;Antoni MP Barili&quot; -","og:type":"article","og:title":"Politika Privatnosti - Najuspe\u0161nija privatna gimnazija - &quot;Antoni MP Barili&quot;","og:description":"A\u017eurirano: Avgust 2025 Privatna gimnazija \u201eAntoni MP Barili\u201c Adresa: Mar\u0161ala Birjuzova 2-4 i 3-5, 11000 Beograd, SrbijaE-mail: mpbarilli@gmail.comTel: +381 60 5000-248, +381 60 5001-889 1. Op\u0161ti uslovi Ova politika privatnosti i kola\u010di\u0107a ure\u0111uje na\u010din na koji Privatna gimnazija \u201eAntoni MP Barili\u201c prikuplja, koristi i \u0161titi podatke korisnika prilikom posete na\u0161em sajtu. Sajt je informativnog karaktera","og:url":"https:\/\/mpb.edu.rs\/ru\/politika-privatnosti\/","og:image":"https:\/\/mpb.edu.rs\/wp-content\/uploads\/2025\/10\/logo-mpb.jpg","og:image:secure_url":"https:\/\/mpb.edu.rs\/wp-content\/uploads\/2025\/10\/logo-mpb.jpg","og:image:width":112,"og:image:height":112,"article:published_time":"2025-06-10T02:11:35+00:00","article:modified_time":"2025-08-29T14:06:37+00:00","article:publisher":"https:\/\/www.facebook.com\/mpbarilli\/","twitter:card":"summary_large_image","twitter:site":"@najbolja_skola","twitter:title":"Politika Privatnosti - Najuspe\u0161nija privatna gimnazija - &quot;Antoni MP Barili&quot;","twitter:description":"A\u017eurirano: Avgust 2025 Privatna gimnazija \u201eAntoni MP Barili\u201c Adresa: Mar\u0161ala Birjuzova 2-4 i 3-5, 11000 Beograd, SrbijaE-mail: mpbarilli@gmail.comTel: +381 60 5000-248, +381 60 5001-889 1. Op\u0161ti uslovi Ova politika privatnosti i kola\u010di\u0107a ure\u0111uje na\u010din na koji Privatna gimnazija \u201eAntoni MP Barili\u201c prikuplja, koristi i \u0161titi podatke korisnika prilikom posete na\u0161em sajtu. Sajt je informativnog karaktera","twitter:creator":"@najbolja_skola","twitter:image":"https:\/\/mpb.edu.rs\/wp-content\/uploads\/2025\/10\/logo-mpb.jpg"},"aioseo_meta_data":{"post_id":"15024","title":null,"description":null,"keywords":null,"keyphrases":null,"primary_term":null,"canonical_url":null,"og_title":null,"og_description":null,"og_object_type":"default","og_image_type":"default","og_image_url":null,"og_image_width":null,"og_image_height":null,"og_image_custom_url":null,"og_image_custom_fields":null,"og_video":null,"og_custom_url":null,"og_article_section":null,"og_article_tags":null,"twitter_use_og":false,"twitter_card":"default","twitter_image_type":"default","twitter_image_url":null,"twitter_image_custom_url":null,"twitter_image_custom_fields":null,"twitter_title":null,"twitter_description":null,"schema":{"blockGraphs":[],"customGraphs":[],"default":{"data":{"Article":[],"Course":[],"Dataset":[],"FAQPage":[],"Movie":[],"Person":[],"Product":[],"ProductReview":[],"Car":[],"Recipe":[],"Service":[],"SoftwareApplication":[],"WebPage":[]},"graphName":"","isEnabled":true},"graphs":[]},"schema_type":"default","schema_type_options":null,"pillar_content":false,"robots_default":true,"robots_noindex":false,"robots_noarchive":false,"robots_nosnippet":false,"robots_nofollow":false,"robots_noimageindex":false,"robots_noodp":false,"robots_notranslate":false,"robots_max_snippet":null,"robots_max_videopreview":null,"robots_max_imagepreview":"large","priority":null,"frequency":null,"local_seo":null,"seo_analyzer_scan_date":"2025-10-12 09:41:08","breadcrumb_settings":null,"limit_modified_date":false,"reviewed_by":null,"open_ai":null,"ai":null,"created":"2025-10-12 09:41:08","updated":"2025-10-12 16:17:23"},"aioseo_breadcrumb":"<div class=\"aioseo-breadcrumbs\"><span class=\"aioseo-breadcrumb\">\n\t<a href=\"https:\/\/mpb.edu.rs\/ru\/\" title=\"Home\">Home<\/a>\n<\/span><span class=\"aioseo-breadcrumb-separator\">\u00bb<\/span><span class=\"aioseo-breadcrumb\">\n\tPolitika Privatnosti\n<\/span><\/div>","aioseo_breadcrumb_json":[{"label":"Home","link":"https:\/\/mpb.edu.rs\/ru\/"},{"label":"Politika Privatnosti","link":"https:\/\/mpb.edu.rs\/ru\/politika-privatnosti\/"}],"_links":{"self":[{"href":"https:\/\/mpb.edu.rs\/ru\/wp-json\/wp\/v2\/pages\/15024","targetHints":{"allow":["GET"]}}],"collection":[{"href":"https:\/\/mpb.edu.rs\/ru\/wp-json\/wp\/v2\/pages"}],"about":[{"href":"https:\/\/mpb.edu.rs\/ru\/wp-json\/wp\/v2\/types\/page"}],"author":[{"embeddable":true,"href":"https:\/\/mpb.edu.rs\/ru\/wp-json\/wp\/v2\/users\/1"}],"replies":[{"embeddable":true,"href":"https:\/\/mpb.edu.rs\/ru\/wp-json\/wp\/v2\/comments?post=15024"}],"version-history":[{"count":3,"href":"https:\/\/mpb.edu.rs\/ru\/wp-json\/wp\/v2\/pages\/15024\/revisions"}],"predecessor-version":[{"id":15027,"href":"https:\/\/mpb.edu.rs\/ru\/wp-json\/wp\/v2\/pages\/15024\/revisions\/15027"}],"wp:attachment":[{"href":"https:\/\/mpb.edu.rs\/ru\/wp-json\/wp\/v2\/media?parent=15024"}],"curies":[{"name":"wp","href":"https:\/\/api.w.org\/{rel}","templated":true}]}}