{"id":14931,"date":"2015-10-22T03:17:26","date_gmt":"2015-10-22T02:17:26","guid":{"rendered":"https:\/\/mpb.edu.rs\/contact\/"},"modified":"2025-09-01T07:07:17","modified_gmt":"2025-09-01T06:07:17","slug":"contact","status":"publish","type":"page","link":"https:\/\/mpb.edu.rs\/en\/contact\/","title":{"rendered":"Contact"},"content":{"rendered":"\t\t<div data-elementor-type=\"wp-post\" data-elementor-id=\"14931\" class=\"elementor elementor-14931 elementor-87\">\n\t\t\t\t\t\t<section class=\"elementor-section elementor-top-section elementor-element elementor-element-3e13ad1 elementor-section-stretched elementor-section-boxed elementor-section-height-default elementor-section-height-default\" data-id=\"3e13ad1\" data-element_type=\"section\" data-e-type=\"section\" data-settings=\"{&quot;stretch_section&quot;:&quot;section-stretched&quot;}\">\n\t\t\t\t\t\t<div class=\"elementor-container elementor-column-gap-custom\">\n\t\t\t\t\t<div class=\"elementor-column elementor-col-33 elementor-top-column elementor-element elementor-element-f25b691\" data-id=\"f25b691\" data-element_type=\"column\" data-e-type=\"column\" data-settings=\"{&quot;background_background&quot;:&quot;classic&quot;}\">\n\t\t\t<div class=\"elementor-widget-wrap elementor-element-populated\">\n\t\t\t\t\t\t<div class=\"elementor-element elementor-element-c6f58bd iconbox-text-center elementor-widget elementor-widget-thim-icon-box\" data-id=\"c6f58bd\" data-element_type=\"widget\" data-e-type=\"widget\" data-widget_type=\"thim-icon-box.default\">\n\t\t\t\t<div class=\"elementor-widget-container\">\n\t\t\t\t\t<div class=\"thim-widget-icon-box\"><div class=\"wrapper-box-icon text-center \"><div class=\"smicon-box iconbox-top\"><div class=\"boxes-icon\"><span class=\"inner-icon\"><span class=\"icon\"><i aria-hidden=\"true\" class=\"tk tk-pin1\"><\/i><\/span><\/span><\/div><div class=\"content-inner\"><div class=\"sc-heading\"><h4 class=\"heading__primary\">Address<\/h4><\/div><div class=\"desc-icon-box\"><div class=\"desc-content\">Mar\u0161ala Birjuzova 3 \u2013 5 TC Sremska, <br>11000 Belgrade, Serbia<\/div><\/div><\/div><\/div><\/div><\/div>\t\t\t\t<\/div>\n\t\t\t\t<\/div>\n\t\t\t\t\t<\/div>\n\t\t<\/div>\n\t\t\t\t<div class=\"elementor-column elementor-col-33 elementor-top-column elementor-element elementor-element-7581677\" data-id=\"7581677\" data-element_type=\"column\" data-e-type=\"column\" data-settings=\"{&quot;background_background&quot;:&quot;classic&quot;}\">\n\t\t\t<div class=\"elementor-widget-wrap elementor-element-populated\">\n\t\t\t\t\t\t<div class=\"elementor-element elementor-element-a66d183 iconbox-text-center elementor-widget elementor-widget-thim-icon-box\" data-id=\"a66d183\" data-element_type=\"widget\" data-e-type=\"widget\" data-widget_type=\"thim-icon-box.default\">\n\t\t\t\t<div class=\"elementor-widget-container\">\n\t\t\t\t\t<div class=\"thim-widget-icon-box\"><div class=\"wrapper-box-icon text-center \"><div class=\"smicon-box iconbox-top\"><div class=\"boxes-icon\"><span class=\"inner-icon\"><span class=\"icon\"><i aria-hidden=\"true\" class=\"tk tk-teacher\"><\/i><\/span><\/span><\/div><div class=\"content-inner\"><div class=\"sc-heading\"><h4 class=\"heading__primary\">Contact Information<\/h4><\/div><div class=\"desc-icon-box\"><div class=\"desc-content\">Mobile: +381 60 5000 248 <\/br>\nMobile: +381 60 5001 859 <\/br>\nMail: mpbarilli@gmail.com<\/div><\/div><\/div><\/div><\/div><\/div>\t\t\t\t<\/div>\n\t\t\t\t<\/div>\n\t\t\t\t\t<\/div>\n\t\t<\/div>\n\t\t\t\t<div class=\"elementor-column elementor-col-33 elementor-top-column elementor-element elementor-element-77905de\" data-id=\"77905de\" data-element_type=\"column\" data-e-type=\"column\" data-settings=\"{&quot;background_background&quot;:&quot;classic&quot;}\">\n\t\t\t<div class=\"elementor-widget-wrap elementor-element-populated\">\n\t\t\t\t\t\t<div class=\"elementor-element elementor-element-578317a iconbox-text-center elementor-widget elementor-widget-thim-icon-box\" data-id=\"578317a\" data-element_type=\"widget\" data-e-type=\"widget\" data-widget_type=\"thim-icon-box.default\">\n\t\t\t\t<div class=\"elementor-widget-container\">\n\t\t\t\t\t<div class=\"thim-widget-icon-box\"><div class=\"wrapper-box-icon text-center \"><div class=\"smicon-box iconbox-top\"><div class=\"boxes-icon\"><span class=\"inner-icon\"><span class=\"icon\"><i aria-hidden=\"true\" class=\"tk tk-clock1\"><\/i><\/span><\/span><\/div><div class=\"content-inner\"><div class=\"sc-heading\"><h4 class=\"heading__primary\">Working Hours<\/h4><\/div><div class=\"desc-icon-box\"><div class=\"desc-content\">Monday - Friday: 08:30 - 16:30 <\/div><\/div><\/div><\/div><\/div><\/div>\t\t\t\t<\/div>\n\t\t\t\t<\/div>\n\t\t\t\t\t<\/div>\n\t\t<\/div>\n\t\t\t\t\t<\/div>\n\t\t<\/section>\n\t\t\t\t<section class=\"elementor-section elementor-top-section elementor-element elementor-element-71463fb elementor-section-stretched elementor-section-boxed elementor-section-height-default elementor-section-height-default\" data-id=\"71463fb\" data-element_type=\"section\" data-e-type=\"section\" data-settings=\"{&quot;stretch_section&quot;:&quot;section-stretched&quot;}\">\n\t\t\t\t\t\t<div class=\"elementor-container elementor-column-gap-no\">\n\t\t\t\t\t<div class=\"elementor-column elementor-col-100 elementor-top-column elementor-element elementor-element-88b5840\" data-id=\"88b5840\" data-element_type=\"column\" data-e-type=\"column\">\n\t\t\t<div class=\"elementor-widget-wrap elementor-element-populated\">\n\t\t\t\t\t\t<div class=\"elementor-element elementor-element-74968e3 thim-ekits-heading-text-center elementor-widget thim-ekits-heading elementor-widget-thim-heading\" data-id=\"74968e3\" data-element_type=\"widget\" data-e-type=\"widget\" data-widget_type=\"thim-heading.default\">\n\t\t\t\t<div class=\"elementor-widget-container\">\n\t\t\t\t\t<div class=\"sc_heading text-center\"><h3 class=\"title\">It's Time to Decide! <\/h3><div class=\"sub-heading\"><p>We are Here for all your Questions<\/p>\n<\/div><\/div>\t\t\t\t<\/div>\n\t\t\t\t<\/div>\n\t\t\t\t<div class=\"elementor-element elementor-element-db9c2bc elementor-widget elementor-widget-thim-ekits-contact-form-7\" data-id=\"db9c2bc\" data-element_type=\"widget\" data-e-type=\"widget\" data-widget_type=\"thim-ekits-contact-form-7.default\">\n\t\t\t\t<div class=\"elementor-widget-container\">\n\t\t\t\t\t\t\t\t<div class=\"thim-ekit-wpcf7\">\n\t\t\t\t\n<div class=\"wpcf7 no-js\" id=\"wpcf7-f15089-o1\" lang=\"en-US\" dir=\"ltr\" data-wpcf7-id=\"15089\">\n<div class=\"screen-reader-response\"><p role=\"status\" aria-live=\"polite\" aria-atomic=\"true\"><\/p> <ul><\/ul><\/div>\n<form action=\"\/en\/wp-json\/wp\/v2\/pages\/14931#wpcf7-f15089-o1\" method=\"post\" class=\"wpcf7-form init\" aria-label=\"Contact form\" novalidate=\"novalidate\" data-status=\"init\">\n<fieldset class=\"hidden-fields-container\"><input type=\"hidden\" name=\"_wpcf7\" value=\"15089\" \/><input type=\"hidden\" name=\"_wpcf7_version\" value=\"6.1.5\" \/><input type=\"hidden\" name=\"_wpcf7_locale\" value=\"en_US\" \/><input type=\"hidden\" name=\"_wpcf7_unit_tag\" value=\"wpcf7-f15089-o1\" \/><input type=\"hidden\" name=\"_wpcf7_container_post\" value=\"0\" \/><input type=\"hidden\" name=\"_wpcf7_posted_data_hash\" value=\"\" \/>\n<\/fieldset>\n<p><span class=\"wpcf7-form-control-wrap\" data-name=\"your-name\"><input size=\"40\" maxlength=\"400\" class=\"wpcf7-form-control wpcf7-text\" aria-invalid=\"false\" placeholder=\"Your Name*\" value=\"\" type=\"text\" name=\"your-name\" \/><\/span>\n<\/p>\n<p><span class=\"wpcf7-form-control-wrap\" data-name=\"your-email\"><input size=\"40\" maxlength=\"400\" class=\"wpcf7-form-control wpcf7-email wpcf7-validates-as-required wpcf7-text wpcf7-validates-as-email\" aria-required=\"true\" aria-invalid=\"false\" placeholder=\"Your Email *\" value=\"\" type=\"email\" name=\"your-email\" \/><\/span>\n<\/p>\n<p><span class=\"wpcf7-form-control-wrap\" data-name=\"your-subject\"><input size=\"40\" maxlength=\"400\" class=\"wpcf7-form-control wpcf7-text wpcf7-validates-as-required\" aria-required=\"true\" aria-invalid=\"false\" placeholder=\"Subject *\" value=\"\" type=\"text\" name=\"your-subject\" \/><\/span>\n<\/p>\n<p><span class=\"wpcf7-form-control-wrap\" data-name=\"your-message\"><textarea cols=\"40\" rows=\"10\" maxlength=\"2000\" class=\"wpcf7-form-control wpcf7-textarea\" aria-invalid=\"false\" placeholder=\"Message *\" name=\"your-message\"><\/textarea><\/span>\n<\/p>\n<p><div class=\"cf7-cf-turnstile\" style=\"margin-top: 0px; margin-bottom: -15px;\"> <div id=\"cf-turnstile-cf7-2880381453\" class=\"cf-turnstile\" data-sitekey=\"0x4AAAAAADDDl9_Zs93XKg3H\" data-theme=\"light\" data-language=\"auto\" data-size=\"normal\" data-retry=\"auto\" data-retry-interval=\"1000\" data-refresh-expired=\"auto\" data-refresh-timeout=\"auto\" data-action=\"contact-form-7\" data-callback=\"turnstileCF7Callback\" data-appearance=\"always\"><\/div> <script>document.addEventListener(\"DOMContentLoaded\", function() { setTimeout(function(){ var e=document.getElementById(\"cf-turnstile-cf7-2880381453\"); if(e&&!e.innerHTML.trim()){turnstile.render(e, {sitekey:\"0x4AAAAAADDDl9_Zs93XKg3H\"});} }, 200); });<\/script> <br class=\"cf-turnstile-br cf-turnstile-br-cf7-2880381453\"> <style>#cf-turnstile-cf7-2880381453 { margin-left: -15px; }<\/style> <script>document.addEventListener(\"DOMContentLoaded\",function(){document.querySelectorAll('.wpcf7-form').forEach(function(e){e.addEventListener('submit',function(){if(document.getElementById('cf-turnstile-cf7-2880381453')){setTimeout(function(){turnstile.reset('#cf-turnstile-cf7-2880381453');},1000)}})})});<\/script> <\/div><br\/><input class=\"wpcf7-form-control wpcf7-submit has-spinner\" type=\"submit\" value=\"Send message\" \/>\n<\/p><div class=\"wpcf7-response-output\" aria-hidden=\"true\"><\/div>\n<\/form>\n<\/div>\n\t\t\t<\/div>\n\t\t\t\t\t\t<\/div>\n\t\t\t\t<\/div>\n\t\t\t\t\t<\/div>\n\t\t<\/div>\n\t\t\t\t\t<\/div>\n\t\t<\/section>\n\t\t\t\t<section class=\"elementor-section elementor-top-section elementor-element elementor-element-9e3e8fb elementor-section-stretched elementor-section-full_width elementor-section-height-default elementor-section-height-default\" data-id=\"9e3e8fb\" data-element_type=\"section\" data-e-type=\"section\" data-settings=\"{&quot;stretch_section&quot;:&quot;section-stretched&quot;}\">\n\t\t\t\t\t\t<div class=\"elementor-container elementor-column-gap-no\">\n\t\t\t\t\t<div class=\"elementor-column elementor-col-100 elementor-top-column elementor-element elementor-element-9e34713\" data-id=\"9e34713\" data-element_type=\"column\" data-e-type=\"column\">\n\t\t\t<div class=\"elementor-widget-wrap elementor-element-populated\">\n\t\t\t\t\t\t<div class=\"elementor-element elementor-element-052e901 elementor-widget elementor-widget-google_maps\" data-id=\"052e901\" data-element_type=\"widget\" data-e-type=\"widget\" data-widget_type=\"google_maps.default\">\n\t\t\t\t<div class=\"elementor-widget-container\">\n\t\t\t\t\t\t\t<div class=\"elementor-custom-embed\">\n\t\t\t<iframe loading=\"lazy\"\n\t\t\t\t\tsrc=\"https:\/\/maps.google.com\/maps?q=Privatna%20gimnazija%20%22Antony%20MP%20Barili%22&#038;t=m&#038;z=16&#038;output=embed&#038;iwloc=near\"\n\t\t\t\t\ttitle=\"Privatna gimnazija &quot;Antony MP Barili&quot;\"\n\t\t\t\t\taria-label=\"Privatna gimnazija &quot;Antony MP Barili&quot;\"\n\t\t\t><\/iframe>\n\t\t<\/div>\n\t\t\t\t\t\t<\/div>\n\t\t\t\t<\/div>\n\t\t\t\t\t<\/div>\n\t\t<\/div>\n\t\t\t\t\t<\/div>\n\t\t<\/section>\n\t\t\t\t<\/div>\n\t\t","protected":false},"excerpt":{"rendered":"<p>Address Mar\u0161ala Birjuzova 3 \u2013 5 TC Sremska, 11000 Belgrade, Serbia Contact Information Mobile: +381 60 5000 248 Mobile: +381 60 5001 859 Mail: mpbarilli@gmail.com Working Hours Monday &#8211; Friday: 08:30 &#8211; 16:30 It&#8217;s Time to Decide! We are Here &hellip; <\/p>\n","protected":false},"author":1,"featured_media":0,"parent":0,"menu_order":0,"comment_status":"closed","ping_status":"closed","template":"","meta":{"pmpro_default_level":"","footnotes":""},"class_list":["post-14931","page","type-page","status-publish","hentry","pmpro-has-access"],"aioseo_notices":[],"aioseo_head":"\n\t\t<!-- All in One SEO Pro 4.9.7.1 - aioseo.com -->\n\t<meta name=\"description\" content=\"AddressMar\u0161ala Birjuzova 3 \u2013 5 TC Sremska, 11000 Belgrade, Serbia Contact InformationMobile: +381 60 5000 248 Mobile: +381 60 5001 859 Mail: mpbarilli@gmail.com Working HoursMonday - Friday: 08:30 - 16:30 It&#039;s Time to Decide! We are Here for all your Questions\" \/>\n\t<meta name=\"robots\" content=\"max-image-preview:large\" \/>\n\t<link rel=\"canonical\" href=\"https:\/\/mpb.edu.rs\/en\/contact\/\" \/>\n\t<meta name=\"generator\" content=\"All in One SEO Pro (AIOSEO) 4.9.7.1\" \/>\n\t\t<meta property=\"og:locale\" content=\"en_US\" \/>\n\t\t<meta property=\"og:site_name\" content=\"Najuspe\u0161nija privatna gimnazija - &quot;Antoni MP Barili&quot; -\" \/>\n\t\t<meta property=\"og:type\" content=\"article\" \/>\n\t\t<meta property=\"og:title\" content=\"Contact - Najuspe\u0161nija privatna gimnazija - &quot;Antoni MP Barili&quot;\" \/>\n\t\t<meta property=\"og:description\" content=\"AddressMar\u0161ala Birjuzova 3 \u2013 5 TC Sremska, 11000 Belgrade, Serbia Contact InformationMobile: +381 60 5000 248 Mobile: +381 60 5001 859 Mail: mpbarilli@gmail.com Working HoursMonday - Friday: 08:30 - 16:30 It&#039;s Time to Decide! We are Here for all your Questions\" \/>\n\t\t<meta property=\"og:url\" content=\"https:\/\/mpb.edu.rs\/en\/contact\/\" \/>\n\t\t<meta property=\"og:image\" content=\"https:\/\/mpb.edu.rs\/wp-content\/uploads\/2025\/10\/logo-mpb.jpg\" \/>\n\t\t<meta property=\"og:image:secure_url\" content=\"https:\/\/mpb.edu.rs\/wp-content\/uploads\/2025\/10\/logo-mpb.jpg\" \/>\n\t\t<meta property=\"og:image:width\" content=\"112\" \/>\n\t\t<meta property=\"og:image:height\" content=\"112\" \/>\n\t\t<meta property=\"article:published_time\" content=\"2015-10-22T02:17:26+00:00\" \/>\n\t\t<meta property=\"article:modified_time\" content=\"2025-09-01T06:07:17+00:00\" \/>\n\t\t<meta property=\"article:publisher\" content=\"https:\/\/www.facebook.com\/mpbarilli\/\" \/>\n\t\t<meta name=\"twitter:card\" content=\"summary_large_image\" \/>\n\t\t<meta name=\"twitter:site\" content=\"@najbolja_skola\" \/>\n\t\t<meta name=\"twitter:title\" content=\"Contact - Najuspe\u0161nija privatna gimnazija - &quot;Antoni MP Barili&quot;\" \/>\n\t\t<meta name=\"twitter:description\" content=\"AddressMar\u0161ala Birjuzova 3 \u2013 5 TC Sremska, 11000 Belgrade, Serbia Contact InformationMobile: +381 60 5000 248 Mobile: +381 60 5001 859 Mail: mpbarilli@gmail.com Working HoursMonday - Friday: 08:30 - 16:30 It&#039;s Time to Decide! We are Here for all your Questions\" \/>\n\t\t<meta name=\"twitter:creator\" content=\"@najbolja_skola\" \/>\n\t\t<meta name=\"twitter:image\" content=\"https:\/\/mpb.edu.rs\/wp-content\/uploads\/2025\/10\/logo-mpb.jpg\" \/>\n\t\t<script type=\"application\/ld+json\" class=\"aioseo-schema\">\n\t\t\t{\"@context\":\"https:\\\/\\\/schema.org\",\"@graph\":[{\"@type\":\"BreadcrumbList\",\"@id\":\"https:\\\/\\\/mpb.edu.rs\\\/en\\\/contact\\\/#breadcrumblist\",\"itemListElement\":[{\"@type\":\"ListItem\",\"@id\":\"https:\\\/\\\/mpb.edu.rs\\\/en\\\/#listItem\",\"position\":1,\"name\":\"Home\",\"item\":\"https:\\\/\\\/mpb.edu.rs\\\/en\\\/\",\"nextItem\":{\"@type\":\"ListItem\",\"@id\":\"https:\\\/\\\/mpb.edu.rs\\\/en\\\/contact\\\/#listItem\",\"name\":\"Contact\"}},{\"@type\":\"ListItem\",\"@id\":\"https:\\\/\\\/mpb.edu.rs\\\/en\\\/contact\\\/#listItem\",\"position\":2,\"name\":\"Contact\",\"previousItem\":{\"@type\":\"ListItem\",\"@id\":\"https:\\\/\\\/mpb.edu.rs\\\/en\\\/#listItem\",\"name\":\"Home\"}}]},{\"@type\":\"Organization\",\"@id\":\"https:\\\/\\\/mpb.edu.rs\\\/en\\\/#organization\",\"name\":\"Privatna gimnazija \\u201eAntoni MP Barilli\\u201c \\u2013 MPB Beograd\",\"description\":\"MPB je savremena privatna gimnazija u Beogradu koja pru\\u017ea moderno obrazovanje, individualan pristup u\\u010denicima i podr\\u0161ku u razvoju li\\u010dnih i akademskih potencijala.\",\"url\":\"https:\\\/\\\/mpb.edu.rs\\\/en\\\/\",\"telephone\":\"+381605000248\",\"logo\":{\"@type\":\"ImageObject\",\"url\":\"https:\\\/\\\/mpb.edu.rs\\\/wp-content\\\/uploads\\\/2025\\\/10\\\/logo-mpb.jpg\",\"@id\":\"https:\\\/\\\/mpb.edu.rs\\\/en\\\/contact\\\/#organizationLogo\",\"width\":112,\"height\":112,\"caption\":\"Privatna gimnazija Antoni MP Barili - Logo\"},\"image\":{\"@id\":\"https:\\\/\\\/mpb.edu.rs\\\/en\\\/contact\\\/#organizationLogo\"},\"sameAs\":[\"https:\\\/\\\/www.facebook.com\\\/mpbarilli\\\/\",\"https:\\\/\\\/x.com\\\/najbolja_skola\",\"https:\\\/\\\/www.instagram.com\\\/mpbarilli\\\/\",\"https:\\\/\\\/rs.linkedin.com\\\/in\\\/gimnazijabarili\"]},{\"@type\":\"WebPage\",\"@id\":\"https:\\\/\\\/mpb.edu.rs\\\/en\\\/contact\\\/#webpage\",\"url\":\"https:\\\/\\\/mpb.edu.rs\\\/en\\\/contact\\\/\",\"name\":\"Contact - Najuspe\\u0161nija privatna gimnazija - \\\"Antoni MP Barili\\\"\",\"description\":\"AddressMar\\u0161ala Birjuzova 3 \\u2013 5 TC Sremska, 11000 Belgrade, Serbia Contact InformationMobile: +381 60 5000 248 Mobile: +381 60 5001 859 Mail: mpbarilli@gmail.com Working HoursMonday - Friday: 08:30 - 16:30 It's Time to Decide! We are Here for all your Questions\",\"inLanguage\":\"en-US\",\"isPartOf\":{\"@id\":\"https:\\\/\\\/mpb.edu.rs\\\/en\\\/#website\"},\"breadcrumb\":{\"@id\":\"https:\\\/\\\/mpb.edu.rs\\\/en\\\/contact\\\/#breadcrumblist\"},\"datePublished\":\"2015-10-22T03:17:26+01:00\",\"dateModified\":\"2025-09-01T07:07:17+01:00\"},{\"@type\":\"WebSite\",\"@id\":\"https:\\\/\\\/mpb.edu.rs\\\/en\\\/#website\",\"url\":\"https:\\\/\\\/mpb.edu.rs\\\/en\\\/\",\"name\":\"Najuspe\\u0161nija privatna gimnazija - \\\"Antoni MP Barili\\\"\",\"inLanguage\":\"en-US\",\"publisher\":{\"@id\":\"https:\\\/\\\/mpb.edu.rs\\\/en\\\/#organization\"}}]}\n\t\t<\/script>\n\t\t<script>(function(w,d,s,l,i){w[l]=w[l]||[];w[l].push({'gtm.start': new Date().getTime(),event:'gtm.js'});var f=d.getElementsByTagName(s)[0], j=d.createElement(s),dl=l!='dataLayer'?'&l='+l:'';j.async=true;j.src='https:\/\/www.googletagmanager.com\/gtm.js?id='+i+dl;f.parentNode.insertBefore(j,f);})(window,document,'script','dataLayer',\"GTM-MLL8M8MN\");<\/script>\n\t\t<!-- All in One SEO Pro -->\r\n\t\t<title>Contact - Najuspe\u0161nija privatna gimnazija - &quot;Antoni MP Barili&quot;<\/title>\n\n","aioseo_head_json":{"title":"Contact - Najuspe\u0161nija privatna gimnazija - \"Antoni MP Barili\"","description":"AddressMar\u0161ala Birjuzova 3 \u2013 5 TC Sremska, 11000 Belgrade, Serbia Contact InformationMobile: +381 60 5000 248 Mobile: +381 60 5001 859 Mail: mpbarilli@gmail.com Working HoursMonday - Friday: 08:30 - 16:30 It's Time to Decide! We are Here for all your Questions","canonical_url":"https:\/\/mpb.edu.rs\/en\/contact\/","robots":"max-image-preview:large","keywords":"","webmasterTools":{"miscellaneous":""},"schema":{"@context":"https:\/\/schema.org","@graph":[{"@type":"BreadcrumbList","@id":"https:\/\/mpb.edu.rs\/en\/contact\/#breadcrumblist","itemListElement":[{"@type":"ListItem","@id":"https:\/\/mpb.edu.rs\/en\/#listItem","position":1,"name":"Home","item":"https:\/\/mpb.edu.rs\/en\/","nextItem":{"@type":"ListItem","@id":"https:\/\/mpb.edu.rs\/en\/contact\/#listItem","name":"Contact"}},{"@type":"ListItem","@id":"https:\/\/mpb.edu.rs\/en\/contact\/#listItem","position":2,"name":"Contact","previousItem":{"@type":"ListItem","@id":"https:\/\/mpb.edu.rs\/en\/#listItem","name":"Home"}}]},{"@type":"Organization","@id":"https:\/\/mpb.edu.rs\/en\/#organization","name":"Privatna gimnazija \u201eAntoni MP Barilli\u201c \u2013 MPB Beograd","description":"MPB je savremena privatna gimnazija u Beogradu koja pru\u017ea moderno obrazovanje, individualan pristup u\u010denicima i podr\u0161ku u razvoju li\u010dnih i akademskih potencijala.","url":"https:\/\/mpb.edu.rs\/en\/","telephone":"+381605000248","logo":{"@type":"ImageObject","url":"https:\/\/mpb.edu.rs\/wp-content\/uploads\/2025\/10\/logo-mpb.jpg","@id":"https:\/\/mpb.edu.rs\/en\/contact\/#organizationLogo","width":112,"height":112,"caption":"Privatna gimnazija Antoni MP Barili - Logo"},"image":{"@id":"https:\/\/mpb.edu.rs\/en\/contact\/#organizationLogo"},"sameAs":["https:\/\/www.facebook.com\/mpbarilli\/","https:\/\/x.com\/najbolja_skola","https:\/\/www.instagram.com\/mpbarilli\/","https:\/\/rs.linkedin.com\/in\/gimnazijabarili"]},{"@type":"WebPage","@id":"https:\/\/mpb.edu.rs\/en\/contact\/#webpage","url":"https:\/\/mpb.edu.rs\/en\/contact\/","name":"Contact - Najuspe\u0161nija privatna gimnazija - \"Antoni MP Barili\"","description":"AddressMar\u0161ala Birjuzova 3 \u2013 5 TC Sremska, 11000 Belgrade, Serbia Contact InformationMobile: +381 60 5000 248 Mobile: +381 60 5001 859 Mail: mpbarilli@gmail.com Working HoursMonday - Friday: 08:30 - 16:30 It's Time to Decide! We are Here for all your Questions","inLanguage":"en-US","isPartOf":{"@id":"https:\/\/mpb.edu.rs\/en\/#website"},"breadcrumb":{"@id":"https:\/\/mpb.edu.rs\/en\/contact\/#breadcrumblist"},"datePublished":"2015-10-22T03:17:26+01:00","dateModified":"2025-09-01T07:07:17+01:00"},{"@type":"WebSite","@id":"https:\/\/mpb.edu.rs\/en\/#website","url":"https:\/\/mpb.edu.rs\/en\/","name":"Najuspe\u0161nija privatna gimnazija - \"Antoni MP Barili\"","inLanguage":"en-US","publisher":{"@id":"https:\/\/mpb.edu.rs\/en\/#organization"}}]},"og:locale":"en_US","og:site_name":"Najuspe\u0161nija privatna gimnazija - &quot;Antoni MP Barili&quot; -","og:type":"article","og:title":"Contact - Najuspe\u0161nija privatna gimnazija - &quot;Antoni MP Barili&quot;","og:description":"AddressMar\u0161ala Birjuzova 3 \u2013 5 TC Sremska, 11000 Belgrade, Serbia Contact InformationMobile: +381 60 5000 248 Mobile: +381 60 5001 859 Mail: mpbarilli@gmail.com Working HoursMonday - Friday: 08:30 - 16:30 It's Time to Decide! We are Here for all your Questions","og:url":"https:\/\/mpb.edu.rs\/en\/contact\/","og:image":"https:\/\/mpb.edu.rs\/wp-content\/uploads\/2025\/10\/logo-mpb.jpg","og:image:secure_url":"https:\/\/mpb.edu.rs\/wp-content\/uploads\/2025\/10\/logo-mpb.jpg","og:image:width":112,"og:image:height":112,"article:published_time":"2015-10-22T02:17:26+00:00","article:modified_time":"2025-09-01T06:07:17+00:00","article:publisher":"https:\/\/www.facebook.com\/mpbarilli\/","twitter:card":"summary_large_image","twitter:site":"@najbolja_skola","twitter:title":"Contact - Najuspe\u0161nija privatna gimnazija - &quot;Antoni MP Barili&quot;","twitter:description":"AddressMar\u0161ala Birjuzova 3 \u2013 5 TC Sremska, 11000 Belgrade, Serbia Contact InformationMobile: +381 60 5000 248 Mobile: +381 60 5001 859 Mail: mpbarilli@gmail.com Working HoursMonday - Friday: 08:30 - 16:30 It's Time to Decide! We are Here for all your Questions","twitter:creator":"@najbolja_skola","twitter:image":"https:\/\/mpb.edu.rs\/wp-content\/uploads\/2025\/10\/logo-mpb.jpg"},"aioseo_meta_data":{"post_id":"14931","title":null,"description":null,"keywords":null,"keyphrases":null,"primary_term":null,"canonical_url":null,"og_title":null,"og_description":null,"og_object_type":"default","og_image_type":"default","og_image_url":null,"og_image_width":null,"og_image_height":null,"og_image_custom_url":null,"og_image_custom_fields":null,"og_video":null,"og_custom_url":null,"og_article_section":null,"og_article_tags":null,"twitter_use_og":false,"twitter_card":"default","twitter_image_type":"default","twitter_image_url":null,"twitter_image_custom_url":null,"twitter_image_custom_fields":null,"twitter_title":null,"twitter_description":null,"schema":{"blockGraphs":[],"customGraphs":[],"default":{"data":{"Article":[],"Course":[],"Dataset":[],"FAQPage":[],"Movie":[],"Person":[],"Product":[],"ProductReview":[],"Car":[],"Recipe":[],"Service":[],"SoftwareApplication":[],"WebPage":[]},"graphName":"","isEnabled":true},"graphs":[]},"schema_type":"default","schema_type_options":null,"pillar_content":false,"robots_default":true,"robots_noindex":false,"robots_noarchive":false,"robots_nosnippet":false,"robots_nofollow":false,"robots_noimageindex":false,"robots_noodp":false,"robots_notranslate":false,"robots_max_snippet":null,"robots_max_videopreview":null,"robots_max_imagepreview":"large","priority":null,"frequency":null,"local_seo":null,"seo_analyzer_scan_date":"2026-05-13 11:58:26","breadcrumb_settings":null,"limit_modified_date":false,"reviewed_by":null,"open_ai":null,"ai":null,"created":"2025-10-12 09:44:55","updated":"2026-05-13 11:58:26"},"aioseo_breadcrumb":"<div class=\"aioseo-breadcrumbs\"><span class=\"aioseo-breadcrumb\">\n\t<a href=\"https:\/\/mpb.edu.rs\/en\/\" title=\"Home\">Home<\/a>\n<\/span><span class=\"aioseo-breadcrumb-separator\">\u00bb<\/span><span class=\"aioseo-breadcrumb\">\n\tContact\n<\/span><\/div>","aioseo_breadcrumb_json":[{"label":"Home","link":"https:\/\/mpb.edu.rs\/en\/"},{"label":"Contact","link":"https:\/\/mpb.edu.rs\/en\/contact\/"}],"_links":{"self":[{"href":"https:\/\/mpb.edu.rs\/en\/wp-json\/wp\/v2\/pages\/14931","targetHints":{"allow":["GET"]}}],"collection":[{"href":"https:\/\/mpb.edu.rs\/en\/wp-json\/wp\/v2\/pages"}],"about":[{"href":"https:\/\/mpb.edu.rs\/en\/wp-json\/wp\/v2\/types\/page"}],"author":[{"embeddable":true,"href":"https:\/\/mpb.edu.rs\/en\/wp-json\/wp\/v2\/users\/1"}],"replies":[{"embeddable":true,"href":"https:\/\/mpb.edu.rs\/en\/wp-json\/wp\/v2\/comments?post=14931"}],"version-history":[{"count":8,"href":"https:\/\/mpb.edu.rs\/en\/wp-json\/wp\/v2\/pages\/14931\/revisions"}],"predecessor-version":[{"id":15128,"href":"https:\/\/mpb.edu.rs\/en\/wp-json\/wp\/v2\/pages\/14931\/revisions\/15128"}],"wp:attachment":[{"href":"https:\/\/mpb.edu.rs\/en\/wp-json\/wp\/v2\/media?parent=14931"}],"curies":[{"name":"wp","href":"https:\/\/api.w.org\/{rel}","templated":true}]}}